{"id":443,"date":"2022-02-07T18:51:55","date_gmt":"2022-02-07T17:51:55","guid":{"rendered":"https:\/\/adhikari.hr\/?page_id=443"},"modified":"2022-03-08T11:26:18","modified_gmt":"2022-03-08T10:26:18","slug":"uvjeti","status":"publish","type":"page","link":"https:\/\/adhikari.hr\/en\/conditions\/","title":{"rendered":"Uvjeti"},"content":{"rendered":"<div data-elementor-type=\"wp-page\" data-elementor-id=\"443\" class=\"elementor elementor-443\" data-elementor-post-type=\"page\">\n\t\t\t\t\t\t<section data-exad-particle-enable=\"false\" class=\"elementor-section elementor-top-section elementor-element elementor-element-9ff4d8f elementor-section-boxed elementor-section-height-default elementor-section-height-default exad-parallax-effect-no exad-background-color-change-no exad-glass-effect-no exad-sticky-section-no\" data-id=\"9ff4d8f\" data-element_type=\"section\" data-e-type=\"section\">\n\t\t\t\t\t\t<div class=\"elementor-container elementor-column-gap-default\">\n\t\t\t\t\t<div class=\"elementor-column elementor-col-100 elementor-top-column elementor-element elementor-element-28c7861 exad-glass-effect-no exad-sticky-section-no\" data-id=\"28c7861\" data-element_type=\"column\" data-e-type=\"column\">\n\t\t\t<div class=\"elementor-widget-wrap elementor-element-populated\">\n\t\t\t\t\t\t<div class=\"elementor-element elementor-element-b6691e0 exad-sticky-section-no exad-glass-effect-no elementor-widget elementor-widget-text-editor\" data-id=\"b6691e0\" data-element_type=\"widget\" data-e-type=\"widget\" data-widget_type=\"text-editor.default\">\n\t\t\t\t<div class=\"elementor-widget-container\">\n\t\t\t\t\t\t\t\t\t<h2><span style=\"color: #017faf;\"><strong>GENERAL TERMS OF MEDIATION<\/strong><\/span><\/h2><p><span style=\"color: #232323;\">These general terms of mediation (further in text: terms) are an integral part of the contract of employment mediation in the search and selection of candidates that the Adhikari Ltd. agency concludes with the intermediation client.<\/span><\/p><p><span style=\"color: #232323;\">Adhikari Ltd. agency is obliged to acquaint the clients and the job seekers with these terms.<\/span><\/p><h3><span style=\"color: #017faf;\"><strong>Mediation client<\/strong><\/span><\/h3><p><span style=\"color: #232323;\">Mediation client is a business client with whom Adhikari Ltd. agency concludes a contract of mediation for the purpose of search and selection of job candidates.<\/span><\/p><h3><span style=\"color: #017faf;\"><strong>Job seekers\/candidates<\/strong><\/span><\/h3><p><span style=\"color: #232323;\">A job seeker\/candidate is any person who has voluntarily expressed an interest in seeking employment and participating in the employment mediation procedures according to Adhikari Ltd. agency, and with whom Adhikari Ltd. agency concludes a contract of employment mediation.<\/span><\/p><h3><span style=\"color: #017faf;\"><strong>Adhikari Ltd. agency services<\/strong><\/span><\/h3><ol><li><span style=\"color: #232323;\">Employment mediation includes the selection of job seekers\/candidates whose professional and other working abilities best meet the needs of the mediator client. Adhikari Ltd. agency conducts the procedures of search, pre-selection, and selection of job seekers\/candidates and other procedures according to the contract with the client.<\/span><\/li><li><span style=\"color: #232323;\">Preparation of documentation for work permits and visas.<\/span><\/li><li><span style=\"color: #232323;\">Transport of the candidate to the delivery point.<\/span><\/li><li><span style=\"color: #232323;\">Candidate education.<\/span><\/li><\/ol><h3><span style=\"color: #017faf;\"><strong>Impartiality in relation to the job seeker\/candidate and the mediation client<\/strong><\/span><\/h3><p><span style=\"color: #232323;\">When performing employment mediation activities, Adhikari Ltd. agency acts impartially in relation to job seekers\/candidates and mediation clients.<\/span><\/p><p><span style=\"color: #232323;\">For the avoidance of doubt, Adhikari Ltd. agency as an employment mediary, in no case acts, and is not considered and cannot be considered an employer in the relation to job seekers\/candidates.<\/span><\/p><p><span style=\"color: #232323;\">Adhikari Ltd. agency, as an employment mediary, does not conclude employment contracts with job seekers\/candidates or any other type of contract for their direct engagement, but exclusively acts as an employment mediary for job seekers\/candidates. The employer for job seekers\/candidates can only be the mediation client, not Adhikary Ltd. agency.<\/span><\/p><p><span style=\"color: #232323;\">Based on data presented by Adhikari Ltd. agency, mediation client independently decides about the selection of the job seeker\/candidate with whom intends to conclude an employment contract. Adhikari Ltd. agency does not participate in writing and concluding the employment contracts, or any other form of business cooperation, between the job seeker\/candidate and the mediation client.<\/span><\/p><p><span style=\"color: #232323;\">By participating in the procedures of Adhikari Ltd. agency, the job seeker\/candidate does not acquire the right to employment or an advantage over the other job seekers.<\/span><\/p><h3><span style=\"color: #017faf;\"><strong>Billing for services and costs<\/strong><\/span><\/h3><p><span style=\"color: #232323;\">Adhikari Ltd. agency charges the employment mediation services from the mediation client.<\/span><\/p><p><span style=\"color: #232323;\">Adhikari Ltd. does not charge the services from the job seeker\/candidate, nor can receive a reward for the mediation.<\/span><\/p><p><span style=\"color: #232323;\">The job seeker\/candidate bears his\/her own costs of participating in the procedures of Adhikari Ltd. agency, such as travel expenses, costs of notarization and translation of documents, interviews attendance, interviews or testing, possible loss of daily allowance, etc., unless otherwise agreed in advance.<\/span><\/p><h3><span style=\"color: #017faf;\"><strong>Processing of personal data<\/strong><\/span><\/h3><p><span style=\"color: #232323;\">During the mediation procedure, Adhikari Ltd. agency collects personal and other data and keeps records of them, processes them, and exchanges them with authorized persons. By sending personal data via online forms or written questionnaires, the job seeker\/candidate confirms that he\/she is aware that Adhikari Ltd. agency has a legitimate interest in using his\/her personal data for the purpose of conducting the employment mediation and to forward this personal data to interested mediation clients in accordance with the applicable Labor Market Law, provisions of Regulation (EU) 2016\/679 of the European Parliament and of the Council of 27 April 2016 on the protection of individuals with regard to the processing of personal data and on the free movement of such data and on the repeal of Directive 95\/46\/EZ (General Data Protection Regulation &#8211; GDPR) and other regulations.<\/span><\/p><p><span style=\"color: #232323;\">Personal data collected include in particular: name and surname, date of birth, address of residence or stay, personal ID number, job title, education level, desired amount of salary, work experience, work evaluations, recommendations, personal data determined by regulations on records in the field of work, education data, specialist knowledge, contractual ban on competing with the previous employer.<\/span><\/p><p><span style=\"color: #232323;\">The job seeker\/candidate has the right to access and correction of personal data by e-mail: <a style=\"color: #232323;\" href=\"mailto:info@adhikari.hr\">info@adhikari.hr<\/a>. Adhikari Ltd. agency will, after 180 days from the date of admission, erase all data about job seekers\/candidates. Within this period, the job seeker\/candidate has no right to data deletion, due to the fact that Adhikari Ltd. agency has a legal obligation to submit reports to the Ministry of Labor and the Pension System.<\/span><\/p><p><span style=\"color: #232323;\">Access to mediation documentation Adhikari Ltd. agency can provide only to the mediation client, and to the job seeker\/candidate only in the part related to him\/her.<\/span><\/p><h3><span style=\"color: #017faf;\"><strong>Communication with job seekers<\/strong><\/span><\/h3><p><span style=\"color: #232323;\">Adhikari agency communicates with job seekers\/candidates in person at the branch office, electronically and through available telecommunication channels.<\/span><\/p>\t\t\t\t\t\t\t\t<\/div>\n\t\t\t\t<\/div>\n\t\t\t\t\t<\/div>\n\t\t<\/div>\n\t\t\t\t\t<\/div>\n\t\t<\/section>\n\t\t\t\t<\/div>","protected":false},"excerpt":{"rendered":"<p>OP\u0106I UVJETI POSREDOVANJA Ovi op\u0107i uvjeti sastavni su dio ugovora o posredovanju u tra\u017eenju i odabiru kandidata koje agencija Adhikari d.o.o.\u00a0 zaklju\u010duje s naru\u010diteljem posredovanja. Adhikari<span class=\"excerpt-hellip\"> [\u2026]<\/span><\/p>","protected":false},"author":1,"featured_media":0,"parent":0,"menu_order":0,"comment_status":"closed","ping_status":"closed","template":"","meta":{"footnotes":""},"class_list":["post-443","page","type-page","status-publish","hentry"],"yoast_head":"<!-- This site is optimized with the Yoast SEO plugin v27.4 - https:\/\/yoast.com\/product\/yoast-seo-wordpress\/ -->\n<title>Adhikari d.o.o. - agencija za zapo\u0161ljavanje<\/title>\n<meta name=\"description\" content=\"Adhikari d.o.o. - agencija za zapo\u0161ljavanje, posredovanje i ustupanje radnika.\" \/>\n<meta name=\"robots\" content=\"index, follow, max-snippet:-1, max-image-preview:large, max-video-preview:-1\" \/>\n<link rel=\"canonical\" href=\"https:\/\/adhikari.hr\/en\/conditions\/\" \/>\n<meta property=\"og:locale\" content=\"en_GB\" \/>\n<meta property=\"og:type\" content=\"article\" \/>\n<meta property=\"og:title\" content=\"Adhikari d.o.o. - agencija za zapo\u0161ljavanje\" \/>\n<meta property=\"og:description\" content=\"Adhikari d.o.o. - agencija za zapo\u0161ljavanje, posredovanje i ustupanje radnika.\" \/>\n<meta property=\"og:url\" content=\"https:\/\/adhikari.hr\/en\/conditions\/\" \/>\n<meta property=\"og:site_name\" content=\"Adhikari.hr\" \/>\n<meta property=\"article:modified_time\" content=\"2022-03-08T10:26:18+00:00\" \/>\n<meta name=\"twitter:card\" content=\"summary_large_image\" \/>\n<meta name=\"twitter:label1\" content=\"Estimated reading time\" \/>\n\t<meta name=\"twitter:data1\" content=\"9 minutes\" \/>\n<script type=\"application\/ld+json\" class=\"yoast-schema-graph\">{\"@context\":\"https:\\\/\\\/schema.org\",\"@graph\":[{\"@type\":\"WebPage\",\"@id\":\"https:\\\/\\\/adhikari.hr\\\/uvjeti\\\/\",\"url\":\"https:\\\/\\\/adhikari.hr\\\/uvjeti\\\/\",\"name\":\"Adhikari d.o.o. - agencija za zapo\u0161ljavanje\",\"isPartOf\":{\"@id\":\"https:\\\/\\\/adhikari.hr\\\/#website\"},\"datePublished\":\"2022-02-07T17:51:55+00:00\",\"dateModified\":\"2022-03-08T10:26:18+00:00\",\"description\":\"Adhikari d.o.o. - agencija za zapo\u0161ljavanje, posredovanje i ustupanje radnika.\",\"breadcrumb\":{\"@id\":\"https:\\\/\\\/adhikari.hr\\\/uvjeti\\\/#breadcrumb\"},\"inLanguage\":\"en-GB\",\"potentialAction\":[{\"@type\":\"ReadAction\",\"target\":[\"https:\\\/\\\/adhikari.hr\\\/uvjeti\\\/\"]}]},{\"@type\":\"BreadcrumbList\",\"@id\":\"https:\\\/\\\/adhikari.hr\\\/uvjeti\\\/#breadcrumb\",\"itemListElement\":[{\"@type\":\"ListItem\",\"position\":1,\"name\":\"Po\u010detna stranica\",\"item\":\"https:\\\/\\\/adhikari.hr\\\/\"},{\"@type\":\"ListItem\",\"position\":2,\"name\":\"Uvjeti\"}]},{\"@type\":\"WebSite\",\"@id\":\"https:\\\/\\\/adhikari.hr\\\/#website\",\"url\":\"https:\\\/\\\/adhikari.hr\\\/\",\"name\":\"Adhikari.hr\",\"description\":\"Agencija za zapo\u0161ljavanje\",\"publisher\":{\"@id\":\"https:\\\/\\\/adhikari.hr\\\/#organization\"},\"potentialAction\":[{\"@type\":\"SearchAction\",\"target\":{\"@type\":\"EntryPoint\",\"urlTemplate\":\"https:\\\/\\\/adhikari.hr\\\/?s={search_term_string}\"},\"query-input\":{\"@type\":\"PropertyValueSpecification\",\"valueRequired\":true,\"valueName\":\"search_term_string\"}}],\"inLanguage\":\"en-GB\"},{\"@type\":\"Organization\",\"@id\":\"https:\\\/\\\/adhikari.hr\\\/#organization\",\"name\":\"Adhikari d.o.o.\",\"url\":\"https:\\\/\\\/adhikari.hr\\\/\",\"logo\":{\"@type\":\"ImageObject\",\"inLanguage\":\"en-GB\",\"@id\":\"https:\\\/\\\/adhikari.hr\\\/#\\\/schema\\\/logo\\\/image\\\/\",\"url\":\"https:\\\/\\\/adhikari.hr\\\/wp-content\\\/uploads\\\/2022\\\/02\\\/Adhikari-logo-web.png\",\"contentUrl\":\"https:\\\/\\\/adhikari.hr\\\/wp-content\\\/uploads\\\/2022\\\/02\\\/Adhikari-logo-web.png\",\"width\":404,\"height\":154,\"caption\":\"Adhikari d.o.o.\"},\"image\":{\"@id\":\"https:\\\/\\\/adhikari.hr\\\/#\\\/schema\\\/logo\\\/image\\\/\"}}]}<\/script>\n<!-- \/ Yoast SEO plugin. -->","yoast_head_json":{"title":"Adhikari d.o.o. - agencija za zapo\u0161ljavanje","description":"Adhikari d.o.o. - agencija za zapo\u0161ljavanje, posredovanje i ustupanje radnika.","robots":{"index":"index","follow":"follow","max-snippet":"max-snippet:-1","max-image-preview":"max-image-preview:large","max-video-preview":"max-video-preview:-1"},"canonical":"https:\/\/adhikari.hr\/en\/conditions\/","og_locale":"en_GB","og_type":"article","og_title":"Adhikari d.o.o. - agencija za zapo\u0161ljavanje","og_description":"Adhikari d.o.o. - agencija za zapo\u0161ljavanje, posredovanje i ustupanje radnika.","og_url":"https:\/\/adhikari.hr\/en\/conditions\/","og_site_name":"Adhikari.hr","article_modified_time":"2022-03-08T10:26:18+00:00","twitter_card":"summary_large_image","twitter_misc":{"Estimated reading time":"9 minutes"},"schema":{"@context":"https:\/\/schema.org","@graph":[{"@type":"WebPage","@id":"https:\/\/adhikari.hr\/uvjeti\/","url":"https:\/\/adhikari.hr\/uvjeti\/","name":"Adhikari d.o.o. - agencija za zapo\u0161ljavanje","isPartOf":{"@id":"https:\/\/adhikari.hr\/#website"},"datePublished":"2022-02-07T17:51:55+00:00","dateModified":"2022-03-08T10:26:18+00:00","description":"Adhikari d.o.o. - agencija za zapo\u0161ljavanje, posredovanje i ustupanje radnika.","breadcrumb":{"@id":"https:\/\/adhikari.hr\/uvjeti\/#breadcrumb"},"inLanguage":"en-GB","potentialAction":[{"@type":"ReadAction","target":["https:\/\/adhikari.hr\/uvjeti\/"]}]},{"@type":"BreadcrumbList","@id":"https:\/\/adhikari.hr\/uvjeti\/#breadcrumb","itemListElement":[{"@type":"ListItem","position":1,"name":"Po\u010detna stranica","item":"https:\/\/adhikari.hr\/"},{"@type":"ListItem","position":2,"name":"Uvjeti"}]},{"@type":"WebSite","@id":"https:\/\/adhikari.hr\/#website","url":"https:\/\/adhikari.hr\/","name":"Adhikari.hr","description":"Agencija za zapo\u0161ljavanje","publisher":{"@id":"https:\/\/adhikari.hr\/#organization"},"potentialAction":[{"@type":"SearchAction","target":{"@type":"EntryPoint","urlTemplate":"https:\/\/adhikari.hr\/?s={search_term_string}"},"query-input":{"@type":"PropertyValueSpecification","valueRequired":true,"valueName":"search_term_string"}}],"inLanguage":"en-GB"},{"@type":"Organization","@id":"https:\/\/adhikari.hr\/#organization","name":"Adhikari d.o.o.","url":"https:\/\/adhikari.hr\/","logo":{"@type":"ImageObject","inLanguage":"en-GB","@id":"https:\/\/adhikari.hr\/#\/schema\/logo\/image\/","url":"https:\/\/adhikari.hr\/wp-content\/uploads\/2022\/02\/Adhikari-logo-web.png","contentUrl":"https:\/\/adhikari.hr\/wp-content\/uploads\/2022\/02\/Adhikari-logo-web.png","width":404,"height":154,"caption":"Adhikari d.o.o."},"image":{"@id":"https:\/\/adhikari.hr\/#\/schema\/logo\/image\/"}}]}},"_links":{"self":[{"href":"https:\/\/adhikari.hr\/en\/wp-json\/wp\/v2\/pages\/443","targetHints":{"allow":["GET"]}}],"collection":[{"href":"https:\/\/adhikari.hr\/en\/wp-json\/wp\/v2\/pages"}],"about":[{"href":"https:\/\/adhikari.hr\/en\/wp-json\/wp\/v2\/types\/page"}],"author":[{"embeddable":true,"href":"https:\/\/adhikari.hr\/en\/wp-json\/wp\/v2\/users\/1"}],"replies":[{"embeddable":true,"href":"https:\/\/adhikari.hr\/en\/wp-json\/wp\/v2\/comments?post=443"}],"version-history":[{"count":60,"href":"https:\/\/adhikari.hr\/en\/wp-json\/wp\/v2\/pages\/443\/revisions"}],"predecessor-version":[{"id":1210,"href":"https:\/\/adhikari.hr\/en\/wp-json\/wp\/v2\/pages\/443\/revisions\/1210"}],"wp:attachment":[{"href":"https:\/\/adhikari.hr\/en\/wp-json\/wp\/v2\/media?parent=443"}],"curies":[{"name":"wp","href":"https:\/\/api.w.org\/{rel}","templated":true}]}}